{"id":9331,"date":"2025-08-03T23:58:54","date_gmt":"2025-08-03T20:28:54","guid":{"rendered":"http:\/\/drfeyzi-surgicalcenter.com\/?page_id=9331"},"modified":"2025-08-07T20:32:35","modified_gmt":"2025-08-07T17:02:35","slug":"dr-omid-hedizade","status":"publish","type":"page","link":"http:\/\/drfeyzi-surgicalcenter.com\/ku\/dr-omid-hedizade\/","title":{"rendered":"Dr. Om\u00eed Hed\u00eezade"},"content":{"rendered":"\t\t<div data-elementor-type=\"wp-page\" data-elementor-id=\"9331\" class=\"elementor elementor-9331 elementor-9291\">\n\t\t\t\t\t\t<section class=\"elementor-section elementor-top-section elementor-element elementor-element-c1e6b12 elementor-section-stretched elementor-section-boxed elementor-section-height-default elementor-section-height-default wd-section-disabled\" data-id=\"c1e6b12\" data-element_type=\"section\" data-settings=\"{&quot;stretch_section&quot;:&quot;section-stretched&quot;}\">\n\t\t\t\t\t\t<div class=\"elementor-container elementor-column-gap-default\">\n\t\t\t\t\t<div class=\"elementor-column elementor-col-100 elementor-top-column elementor-element elementor-element-f2f761c\" data-id=\"f2f761c\" data-element_type=\"column\">\n\t\t\t<div class=\"elementor-widget-wrap elementor-element-populated\">\n\t\t\t\t\t\t<div class=\"elementor-element elementor-element-9600ff4 elementor-widget elementor-widget-image\" data-id=\"9600ff4\" data-element_type=\"widget\" data-widget_type=\"image.default\">\n\t\t\t\t<div class=\"elementor-widget-container\">\n\t\t\t\t\t\t\t\t\t\t\t\t\t\t\t<img fetchpriority=\"high\" decoding=\"async\" width=\"235\" height=\"300\" src=\"http:\/\/drfeyzi-surgicalcenter.com\/wp-content\/uploads\/2025\/07\/IMG_6355-235x300.jpeg\" class=\"attachment-medium size-medium wp-image-9220\" alt=\"\" srcset=\"http:\/\/drfeyzi-surgicalcenter.com\/wp-content\/uploads\/2025\/07\/IMG_6355-235x300.jpeg 235w, http:\/\/drfeyzi-surgicalcenter.com\/wp-content\/uploads\/2025\/07\/IMG_6355-430x550.jpeg 430w, http:\/\/drfeyzi-surgicalcenter.com\/wp-content\/uploads\/2025\/07\/IMG_6355-150x192.jpeg 150w, http:\/\/drfeyzi-surgicalcenter.com\/wp-content\/uploads\/2025\/07\/IMG_6355.jpeg 543w\" sizes=\"(max-width: 235px) 100vw, 235px\" \/>\t\t\t\t\t\t\t\t\t\t\t\t\t\t\t<\/div>\n\t\t\t\t<\/div>\n\t\t\t\t<div class=\"elementor-element elementor-element-fb5a6b3 color-scheme-inherit text-left elementor-widget elementor-widget-text-editor\" data-id=\"fb5a6b3\" data-element_type=\"widget\" data-widget_type=\"text-editor.default\">\n\t\t\t\t<div class=\"elementor-widget-container\">\n\t\t\t\t\t\t\t\t\t<h2 style=\"text-align: center;\"><strong>Dr. Om\u00eed Hed\u00eezade<\/strong><\/h2><div dir=\"rtl\" style=\"text-align: center;\"><strong>(Cerrah\u00ea Gi\u015ft\u00ee, Laparoskop\u00eek \u00fb Kozmet\u00eek)<\/strong><\/div><div dir=\"rtl\" style=\"text-align: center;\"><strong>Abdom\u00eenoplast\u00ee, blefaroplast\u00ee<\/strong><\/div>\t\t\t\t\t\t\t\t<\/div>\n\t\t\t\t<\/div>\n\t\t\t\t\t<\/div>\n\t\t<\/div>\n\t\t\t\t\t<\/div>\n\t\t<\/section>\n\t\t\t\t<\/div>\n\t\t","protected":false},"excerpt":{"rendered":"<p>Dr. Om\u00eed Hed\u00eezade (Cerrah\u00ea Gi\u015ft\u00ee, Laparoskop\u00eek \u00fb Kozmet\u00eek)Abdom\u00eenoplast\u00ee, blefaroplast\u00ee<\/p>\n","protected":false},"author":1,"featured_media":0,"parent":0,"menu_order":0,"comment_status":"closed","ping_status":"closed","template":"","meta":{"footnotes":""},"class_list":["post-9331","page","type-page","status-publish","hentry"],"_links":{"self":[{"href":"http:\/\/drfeyzi-surgicalcenter.com\/ku\/wp-json\/wp\/v2\/pages\/9331","targetHints":{"allow":["GET"]}}],"collection":[{"href":"http:\/\/drfeyzi-surgicalcenter.com\/ku\/wp-json\/wp\/v2\/pages"}],"about":[{"href":"http:\/\/drfeyzi-surgicalcenter.com\/ku\/wp-json\/wp\/v2\/types\/page"}],"author":[{"embeddable":true,"href":"http:\/\/drfeyzi-surgicalcenter.com\/ku\/wp-json\/wp\/v2\/users\/1"}],"replies":[{"embeddable":true,"href":"http:\/\/drfeyzi-surgicalcenter.com\/ku\/wp-json\/wp\/v2\/comments?post=9331"}],"version-history":[{"count":1,"href":"http:\/\/drfeyzi-surgicalcenter.com\/ku\/wp-json\/wp\/v2\/pages\/9331\/revisions"}],"predecessor-version":[{"id":9332,"href":"http:\/\/drfeyzi-surgicalcenter.com\/ku\/wp-json\/wp\/v2\/pages\/9331\/revisions\/9332"}],"wp:attachment":[{"href":"http:\/\/drfeyzi-surgicalcenter.com\/ku\/wp-json\/wp\/v2\/media?parent=9331"}],"curies":[{"name":"wp","href":"https:\/\/api.w.org\/{rel}","templated":true}]}}