{"id":9333,"date":"2025-08-04T00:02:40","date_gmt":"2025-08-03T20:32:40","guid":{"rendered":"http:\/\/drfeyzi-surgicalcenter.com\/?page_id=9333"},"modified":"2025-08-07T21:07:29","modified_gmt":"2025-08-07T17:37:29","slug":"dr-cemal-xezalci","status":"publish","type":"page","link":"http:\/\/drfeyzi-surgicalcenter.com\/ku\/dr-cemal-xezalci\/","title":{"rendered":"Dr. Cemal Xezalc\u00ee"},"content":{"rendered":"\t\t<div data-elementor-type=\"wp-page\" data-elementor-id=\"9333\" class=\"elementor elementor-9333 elementor-9298\">\n\t\t\t\t\t\t<section class=\"elementor-section elementor-top-section elementor-element elementor-element-ac26540 elementor-section-stretched elementor-section-boxed elementor-section-height-default elementor-section-height-default wd-section-disabled\" data-id=\"ac26540\" data-element_type=\"section\" data-settings=\"{&quot;stretch_section&quot;:&quot;section-stretched&quot;}\">\n\t\t\t\t\t\t<div class=\"elementor-container elementor-column-gap-default\">\n\t\t\t\t\t<div class=\"elementor-column elementor-col-100 elementor-top-column elementor-element elementor-element-f3e394d\" data-id=\"f3e394d\" data-element_type=\"column\">\n\t\t\t<div class=\"elementor-widget-wrap elementor-element-populated\">\n\t\t\t\t\t\t<div class=\"elementor-element elementor-element-9e3ef78 elementor-widget elementor-widget-image\" data-id=\"9e3ef78\" data-element_type=\"widget\" data-widget_type=\"image.default\">\n\t\t\t\t<div class=\"elementor-widget-container\">\n\t\t\t\t\t\t\t\t\t\t\t\t\t\t\t<img fetchpriority=\"high\" decoding=\"async\" width=\"243\" height=\"300\" src=\"http:\/\/drfeyzi-surgicalcenter.com\/wp-content\/uploads\/2025\/07\/IMG_6356-243x300.jpeg\" class=\"attachment-medium size-medium wp-image-9221\" alt=\"\" srcset=\"http:\/\/drfeyzi-surgicalcenter.com\/wp-content\/uploads\/2025\/07\/IMG_6356-243x300.jpeg 243w, http:\/\/drfeyzi-surgicalcenter.com\/wp-content\/uploads\/2025\/07\/IMG_6356-430x530.jpeg 430w, http:\/\/drfeyzi-surgicalcenter.com\/wp-content\/uploads\/2025\/07\/IMG_6356-150x185.jpeg 150w, http:\/\/drfeyzi-surgicalcenter.com\/wp-content\/uploads\/2025\/07\/IMG_6356.jpeg 547w\" sizes=\"(max-width: 243px) 100vw, 243px\" \/>\t\t\t\t\t\t\t\t\t\t\t\t\t\t\t<\/div>\n\t\t\t\t<\/div>\n\t\t\t\t<div class=\"elementor-element elementor-element-6e8b100 color-scheme-inherit text-left elementor-widget elementor-widget-text-editor\" data-id=\"6e8b100\" data-element_type=\"widget\" data-widget_type=\"text-editor.default\">\n\t\t\t\t<div class=\"elementor-widget-container\">\n\t\t\t\t\t\t\t\t\t<h2 style=\"text-align: center;\"><strong>Dr. Cemal Xezalc\u00ee<\/strong><\/h2><div dir=\"rtl\" style=\"text-align: center;\"><strong>(Pispor\u00ea Cerrah\u00eeya Plast\u00eek)<\/strong><\/div><div dir=\"rtl\" style=\"text-align: center;\"><strong>Abdominoplasty, mammoplasty, rhinoplasty (emeliyata poz) \u00fb blefaroplasty<\/strong><\/div>\t\t\t\t\t\t\t\t<\/div>\n\t\t\t\t<\/div>\n\t\t\t\t\t<\/div>\n\t\t<\/div>\n\t\t\t\t\t<\/div>\n\t\t<\/section>\n\t\t\t\t<\/div>\n\t\t","protected":false},"excerpt":{"rendered":"<p>Dr. Cemal Xezalc\u00ee (Pispor\u00ea Cerrah\u00eeya Plast\u00eek)Abdominoplasty, mammoplasty, rhinoplasty (emeliyata poz) \u00fb blefaroplasty<\/p>\n","protected":false},"author":1,"featured_media":0,"parent":0,"menu_order":0,"comment_status":"closed","ping_status":"closed","template":"","meta":{"footnotes":""},"class_list":["post-9333","page","type-page","status-publish","hentry"],"_links":{"self":[{"href":"http:\/\/drfeyzi-surgicalcenter.com\/ku\/wp-json\/wp\/v2\/pages\/9333","targetHints":{"allow":["GET"]}}],"collection":[{"href":"http:\/\/drfeyzi-surgicalcenter.com\/ku\/wp-json\/wp\/v2\/pages"}],"about":[{"href":"http:\/\/drfeyzi-surgicalcenter.com\/ku\/wp-json\/wp\/v2\/types\/page"}],"author":[{"embeddable":true,"href":"http:\/\/drfeyzi-surgicalcenter.com\/ku\/wp-json\/wp\/v2\/users\/1"}],"replies":[{"embeddable":true,"href":"http:\/\/drfeyzi-surgicalcenter.com\/ku\/wp-json\/wp\/v2\/comments?post=9333"}],"version-history":[{"count":3,"href":"http:\/\/drfeyzi-surgicalcenter.com\/ku\/wp-json\/wp\/v2\/pages\/9333\/revisions"}],"predecessor-version":[{"id":9342,"href":"http:\/\/drfeyzi-surgicalcenter.com\/ku\/wp-json\/wp\/v2\/pages\/9333\/revisions\/9342"}],"wp:attachment":[{"href":"http:\/\/drfeyzi-surgicalcenter.com\/ku\/wp-json\/wp\/v2\/media?parent=9333"}],"curies":[{"name":"wp","href":"https:\/\/api.w.org\/{rel}","templated":true}]}}