{"id":9335,"date":"2025-08-04T00:08:55","date_gmt":"2025-08-03T20:38:55","guid":{"rendered":"http:\/\/drfeyzi-surgicalcenter.com\/?page_id=9335"},"modified":"2025-08-07T20:42:55","modified_gmt":"2025-08-07T17:12:55","slug":"dr-samran-behrouz","status":"publish","type":"page","link":"http:\/\/drfeyzi-surgicalcenter.com\/ku\/dr-samran-behrouz\/","title":{"rendered":"Dr. Samran Behrouz"},"content":{"rendered":"\t\t<div data-elementor-type=\"wp-page\" data-elementor-id=\"9335\" class=\"elementor elementor-9335 elementor-9310\">\n\t\t\t\t\t\t<section class=\"elementor-section elementor-top-section elementor-element elementor-element-f5b62d8 elementor-section-stretched elementor-section-boxed elementor-section-height-default elementor-section-height-default wd-section-disabled\" data-id=\"f5b62d8\" data-element_type=\"section\" data-settings=\"{&quot;stretch_section&quot;:&quot;section-stretched&quot;}\">\n\t\t\t\t\t\t<div class=\"elementor-container elementor-column-gap-default\">\n\t\t\t\t\t<div class=\"elementor-column elementor-col-100 elementor-top-column elementor-element elementor-element-ab57bdb\" data-id=\"ab57bdb\" data-element_type=\"column\">\n\t\t\t<div class=\"elementor-widget-wrap elementor-element-populated\">\n\t\t\t\t\t\t<div class=\"elementor-element elementor-element-13d94a9 elementor-widget elementor-widget-image\" data-id=\"13d94a9\" data-element_type=\"widget\" data-widget_type=\"image.default\">\n\t\t\t\t<div class=\"elementor-widget-container\">\n\t\t\t\t\t\t\t\t\t\t\t\t\t\t\t<img fetchpriority=\"high\" decoding=\"async\" width=\"231\" height=\"300\" src=\"http:\/\/drfeyzi-surgicalcenter.com\/wp-content\/uploads\/2025\/07\/IMG_6358-231x300.jpeg\" class=\"attachment-medium size-medium wp-image-9223\" alt=\"\" srcset=\"http:\/\/drfeyzi-surgicalcenter.com\/wp-content\/uploads\/2025\/07\/IMG_6358-231x300.jpeg 231w, http:\/\/drfeyzi-surgicalcenter.com\/wp-content\/uploads\/2025\/07\/IMG_6358-430x559.jpeg 430w, http:\/\/drfeyzi-surgicalcenter.com\/wp-content\/uploads\/2025\/07\/IMG_6358-150x195.jpeg 150w, http:\/\/drfeyzi-surgicalcenter.com\/wp-content\/uploads\/2025\/07\/IMG_6358.jpeg 535w\" sizes=\"(max-width: 231px) 100vw, 231px\" \/>\t\t\t\t\t\t\t\t\t\t\t\t\t\t\t<\/div>\n\t\t\t\t<\/div>\n\t\t\t\t<div class=\"elementor-element elementor-element-35498d1 color-scheme-inherit text-left elementor-widget elementor-widget-text-editor\" data-id=\"35498d1\" data-element_type=\"widget\" data-widget_type=\"text-editor.default\">\n\t\t\t\t<div class=\"elementor-widget-container\">\n\t\t\t\t\t\t\t\t\t<h2 style=\"text-align: center;\"><strong>Dr. Samran Behrouz<\/strong><\/h2><div dir=\"rtl\" style=\"text-align: center;\"><strong>(Pispor\u00ea guh, poz \u00fb qirik\u00ea)<\/strong><\/div><div dir=\"rtl\" style=\"text-align: center;\"><strong>R\u00eenoplast\u00ee (emeliyata poz), poz\u015fikest\u00ee, otoplast\u00ee (guh), sererastkirina septuma poz (jihevketin)<\/strong><\/div>\t\t\t\t\t\t\t\t<\/div>\n\t\t\t\t<\/div>\n\t\t\t\t\t<\/div>\n\t\t<\/div>\n\t\t\t\t\t<\/div>\n\t\t<\/section>\n\t\t\t\t<\/div>\n\t\t","protected":false},"excerpt":{"rendered":"<p>Dr. Samran Behrouz (Pispor\u00ea guh, poz \u00fb qirik\u00ea)R\u00eenoplast\u00ee (emeliyata poz), poz\u015fikest\u00ee, otoplast\u00ee (guh), sererastkirina septuma poz (jihevketin)<\/p>\n","protected":false},"author":1,"featured_media":0,"parent":0,"menu_order":0,"comment_status":"closed","ping_status":"closed","template":"","meta":{"footnotes":""},"class_list":["post-9335","page","type-page","status-publish","hentry"],"_links":{"self":[{"href":"http:\/\/drfeyzi-surgicalcenter.com\/ku\/wp-json\/wp\/v2\/pages\/9335","targetHints":{"allow":["GET"]}}],"collection":[{"href":"http:\/\/drfeyzi-surgicalcenter.com\/ku\/wp-json\/wp\/v2\/pages"}],"about":[{"href":"http:\/\/drfeyzi-surgicalcenter.com\/ku\/wp-json\/wp\/v2\/types\/page"}],"author":[{"embeddable":true,"href":"http:\/\/drfeyzi-surgicalcenter.com\/ku\/wp-json\/wp\/v2\/users\/1"}],"replies":[{"embeddable":true,"href":"http:\/\/drfeyzi-surgicalcenter.com\/ku\/wp-json\/wp\/v2\/comments?post=9335"}],"version-history":[{"count":3,"href":"http:\/\/drfeyzi-surgicalcenter.com\/ku\/wp-json\/wp\/v2\/pages\/9335\/revisions"}],"predecessor-version":[{"id":9338,"href":"http:\/\/drfeyzi-surgicalcenter.com\/ku\/wp-json\/wp\/v2\/pages\/9335\/revisions\/9338"}],"wp:attachment":[{"href":"http:\/\/drfeyzi-surgicalcenter.com\/ku\/wp-json\/wp\/v2\/media?parent=9335"}],"curies":[{"name":"wp","href":"https:\/\/api.w.org\/{rel}","templated":true}]}}