{"id":9339,"date":"2025-08-03T23:51:59","date_gmt":"2025-08-03T20:21:59","guid":{"rendered":"http:\/\/drfeyzi-surgicalcenter.com\/?page_id=9339"},"modified":"2025-08-07T21:01:43","modified_gmt":"2025-08-07T17:31:43","slug":"dr-faizi","status":"publish","type":"page","link":"http:\/\/drfeyzi-surgicalcenter.com\/ku\/dr-faizi\/","title":{"rendered":"Dr. Faizi"},"content":{"rendered":"\t\t<div data-elementor-type=\"wp-page\" data-elementor-id=\"9339\" class=\"elementor elementor-9339 elementor-9282\">\n\t\t\t\t\t\t<section class=\"elementor-section elementor-top-section elementor-element elementor-element-68a6154 elementor-section-stretched elementor-section-boxed elementor-section-height-default elementor-section-height-default wd-section-disabled\" data-id=\"68a6154\" data-element_type=\"section\" data-settings=\"{&quot;stretch_section&quot;:&quot;section-stretched&quot;}\">\n\t\t\t\t\t\t<div class=\"elementor-container elementor-column-gap-default\">\n\t\t\t\t\t<div class=\"elementor-column elementor-col-100 elementor-top-column elementor-element elementor-element-d5c4e33\" data-id=\"d5c4e33\" data-element_type=\"column\">\n\t\t\t<div class=\"elementor-widget-wrap elementor-element-populated\">\n\t\t\t\t\t\t<div class=\"elementor-element elementor-element-69d7bfd elementor-widget elementor-widget-image\" data-id=\"69d7bfd\" data-element_type=\"widget\" data-widget_type=\"image.default\">\n\t\t\t\t<div class=\"elementor-widget-container\">\n\t\t\t\t\t\t\t\t\t\t\t\t\t\t\t<img fetchpriority=\"high\" decoding=\"async\" width=\"242\" height=\"300\" src=\"http:\/\/drfeyzi-surgicalcenter.com\/wp-content\/uploads\/2025\/07\/IMG_6354-242x300.jpeg\" class=\"attachment-medium size-medium wp-image-9219\" alt=\"\" srcset=\"http:\/\/drfeyzi-surgicalcenter.com\/wp-content\/uploads\/2025\/07\/IMG_6354-242x300.jpeg 242w, http:\/\/drfeyzi-surgicalcenter.com\/wp-content\/uploads\/2025\/07\/IMG_6354-430x534.jpeg 430w, http:\/\/drfeyzi-surgicalcenter.com\/wp-content\/uploads\/2025\/07\/IMG_6354-150x186.jpeg 150w, http:\/\/drfeyzi-surgicalcenter.com\/wp-content\/uploads\/2025\/07\/IMG_6354.jpeg 563w\" sizes=\"(max-width: 242px) 100vw, 242px\" \/>\t\t\t\t\t\t\t\t\t\t\t\t\t\t\t<\/div>\n\t\t\t\t<\/div>\n\t\t\t\t<div class=\"elementor-element elementor-element-85c0488 color-scheme-inherit text-left elementor-widget elementor-widget-text-editor\" data-id=\"85c0488\" data-element_type=\"widget\" data-widget_type=\"text-editor.default\">\n\t\t\t\t<div class=\"elementor-widget-container\">\n\t\t\t\t\t\t\t\t\t<h2 style=\"text-align: center;\"><strong>Dr. Ehmed Feyz\u00ee<\/strong><\/h2><p style=\"text-align: center;\"><strong>(Cerrah\u00ea Gi\u015ft\u00ee)<\/strong><br><strong>Abdominoplasty, Mamoplasty, \u015e\u00eawekirina La\u015f, Prosed\u00fbr\u00ean Nexwe\u015fxaney\u00ea, Neyn\u00fbk \u00fb N\u00eenok\u00ean P\u00eayan \u00ean Nexwe\u015fxaney\u00ea, Hernia, Hemoro\u00eed, \u015eikestin\u00ean Anal (Ktomiya \u015eikestinan), F\u00eestul\u00ean Anal (F\u00eestulektom\u00ee), T\u00eero\u00eed \u00fb S\u00eenus\u00ean P\u00eelonidal<\/strong><\/p>\t\t\t\t\t\t\t\t<\/div>\n\t\t\t\t<\/div>\n\t\t\t\t\t<\/div>\n\t\t<\/div>\n\t\t\t\t\t<\/div>\n\t\t<\/section>\n\t\t\t\t<\/div>\n\t\t","protected":false},"excerpt":{"rendered":"<p>Dr. Ehmed Feyz\u00ee (Cerrah\u00ea Gi\u015ft\u00ee)Abdominoplasty, Mamoplasty, \u015e\u00eawekirina La\u015f, Prosed\u00fbr\u00ean Nexwe\u015fxaney\u00ea, Neyn\u00fbk \u00fb N\u00eenok\u00ean P\u00eayan \u00ean Nexwe\u015fxaney\u00ea, Hernia, Hemoro\u00eed, \u015eikestin\u00ean Anal<\/p>\n","protected":false},"author":1,"featured_media":0,"parent":0,"menu_order":0,"comment_status":"closed","ping_status":"closed","template":"","meta":{"footnotes":""},"class_list":["post-9339","page","type-page","status-publish","hentry"],"_links":{"self":[{"href":"http:\/\/drfeyzi-surgicalcenter.com\/ku\/wp-json\/wp\/v2\/pages\/9339","targetHints":{"allow":["GET"]}}],"collection":[{"href":"http:\/\/drfeyzi-surgicalcenter.com\/ku\/wp-json\/wp\/v2\/pages"}],"about":[{"href":"http:\/\/drfeyzi-surgicalcenter.com\/ku\/wp-json\/wp\/v2\/types\/page"}],"author":[{"embeddable":true,"href":"http:\/\/drfeyzi-surgicalcenter.com\/ku\/wp-json\/wp\/v2\/users\/1"}],"replies":[{"embeddable":true,"href":"http:\/\/drfeyzi-surgicalcenter.com\/ku\/wp-json\/wp\/v2\/comments?post=9339"}],"version-history":[{"count":1,"href":"http:\/\/drfeyzi-surgicalcenter.com\/ku\/wp-json\/wp\/v2\/pages\/9339\/revisions"}],"predecessor-version":[{"id":9340,"href":"http:\/\/drfeyzi-surgicalcenter.com\/ku\/wp-json\/wp\/v2\/pages\/9339\/revisions\/9340"}],"wp:attachment":[{"href":"http:\/\/drfeyzi-surgicalcenter.com\/ku\/wp-json\/wp\/v2\/media?parent=9339"}],"curies":[{"name":"wp","href":"https:\/\/api.w.org\/{rel}","templated":true}]}}