{"id":9343,"date":"2025-08-04T00:05:41","date_gmt":"2025-08-03T20:35:41","guid":{"rendered":"http:\/\/drfeyzi-surgicalcenter.com\/?page_id=9343"},"modified":"2025-08-07T23:59:16","modified_gmt":"2025-08-07T20:29:16","slug":"dr-vahid-musavi-penah","status":"publish","type":"page","link":"http:\/\/drfeyzi-surgicalcenter.com\/ku\/dr-vahid-musavi-penah\/","title":{"rendered":"Dr. Vahid M\u00fbsav\u00ee Penah"},"content":{"rendered":"\t\t<div data-elementor-type=\"wp-page\" data-elementor-id=\"9343\" class=\"elementor elementor-9343 elementor-9304\">\n\t\t\t\t\t\t<section class=\"elementor-section elementor-top-section elementor-element elementor-element-602eb7c elementor-section-stretched elementor-section-boxed elementor-section-height-default elementor-section-height-default wd-section-disabled\" data-id=\"602eb7c\" data-element_type=\"section\" data-settings=\"{&quot;stretch_section&quot;:&quot;section-stretched&quot;}\">\n\t\t\t\t\t\t<div class=\"elementor-container elementor-column-gap-default\">\n\t\t\t\t\t<div class=\"elementor-column elementor-col-100 elementor-top-column elementor-element elementor-element-0a3cc69\" data-id=\"0a3cc69\" data-element_type=\"column\">\n\t\t\t<div class=\"elementor-widget-wrap elementor-element-populated\">\n\t\t\t\t\t\t<div class=\"elementor-element elementor-element-b1de4fb elementor-widget elementor-widget-image\" data-id=\"b1de4fb\" data-element_type=\"widget\" data-widget_type=\"image.default\">\n\t\t\t\t<div class=\"elementor-widget-container\">\n\t\t\t\t\t\t\t\t\t\t\t\t\t\t\t<img fetchpriority=\"high\" decoding=\"async\" width=\"240\" height=\"300\" src=\"http:\/\/drfeyzi-surgicalcenter.com\/wp-content\/uploads\/2025\/07\/IMG_6357-240x300.jpeg\" class=\"attachment-medium size-medium wp-image-9222\" alt=\"\" srcset=\"http:\/\/drfeyzi-surgicalcenter.com\/wp-content\/uploads\/2025\/07\/IMG_6357-240x300.jpeg 240w, http:\/\/drfeyzi-surgicalcenter.com\/wp-content\/uploads\/2025\/07\/IMG_6357-430x537.jpeg 430w, http:\/\/drfeyzi-surgicalcenter.com\/wp-content\/uploads\/2025\/07\/IMG_6357-150x187.jpeg 150w, http:\/\/drfeyzi-surgicalcenter.com\/wp-content\/uploads\/2025\/07\/IMG_6357.jpeg 541w\" sizes=\"(max-width: 240px) 100vw, 240px\" \/>\t\t\t\t\t\t\t\t\t\t\t\t\t\t\t<\/div>\n\t\t\t\t<\/div>\n\t\t\t\t<div class=\"elementor-element elementor-element-f1a7629 color-scheme-inherit text-left elementor-widget elementor-widget-text-editor\" data-id=\"f1a7629\" data-element_type=\"widget\" data-widget_type=\"text-editor.default\">\n\t\t\t\t<div class=\"elementor-widget-container\">\n\t\t\t\t\t\t\t\t\t<h2 style=\"text-align: center;\"><strong>Dr. Vahid M\u00fbsav\u00ee Penah<\/strong><\/h2><div dir=\"rtl\" style=\"text-align: center;\"><strong>(Pispor\u00ea guh, poz \u00fb qirik\u00ea)<\/strong><\/div><div dir=\"rtl\" style=\"text-align: center;\"><strong>R\u00eenoplast\u00ee (emeliyata poz), \u015fikestina poz, otoplast\u00ee (emeliyata guh), sererastkirina septuma poz (jihevketin), tons\u00eelektom\u00ee \u00fb blefaroplast\u00ee<\/strong><\/div>\t\t\t\t\t\t\t\t<\/div>\n\t\t\t\t<\/div>\n\t\t\t\t\t<\/div>\n\t\t<\/div>\n\t\t\t\t\t<\/div>\n\t\t<\/section>\n\t\t\t\t<\/div>\n\t\t","protected":false},"excerpt":{"rendered":"<p>Dr. Vahid M\u00fbsav\u00ee Penah (Pispor\u00ea guh, poz \u00fb qirik\u00ea)R\u00eenoplast\u00ee (emeliyata poz), \u015fikestina poz, otoplast\u00ee (emeliyata guh), sererastkirina septuma poz (jihevketin),<\/p>\n","protected":false},"author":1,"featured_media":0,"parent":0,"menu_order":0,"comment_status":"closed","ping_status":"closed","template":"","meta":{"footnotes":""},"class_list":["post-9343","page","type-page","status-publish","hentry"],"_links":{"self":[{"href":"http:\/\/drfeyzi-surgicalcenter.com\/ku\/wp-json\/wp\/v2\/pages\/9343","targetHints":{"allow":["GET"]}}],"collection":[{"href":"http:\/\/drfeyzi-surgicalcenter.com\/ku\/wp-json\/wp\/v2\/pages"}],"about":[{"href":"http:\/\/drfeyzi-surgicalcenter.com\/ku\/wp-json\/wp\/v2\/types\/page"}],"author":[{"embeddable":true,"href":"http:\/\/drfeyzi-surgicalcenter.com\/ku\/wp-json\/wp\/v2\/users\/1"}],"replies":[{"embeddable":true,"href":"http:\/\/drfeyzi-surgicalcenter.com\/ku\/wp-json\/wp\/v2\/comments?post=9343"}],"version-history":[{"count":1,"href":"http:\/\/drfeyzi-surgicalcenter.com\/ku\/wp-json\/wp\/v2\/pages\/9343\/revisions"}],"predecessor-version":[{"id":9344,"href":"http:\/\/drfeyzi-surgicalcenter.com\/ku\/wp-json\/wp\/v2\/pages\/9343\/revisions\/9344"}],"wp:attachment":[{"href":"http:\/\/drfeyzi-surgicalcenter.com\/ku\/wp-json\/wp\/v2\/media?parent=9343"}],"curies":[{"name":"wp","href":"https:\/\/api.w.org\/{rel}","templated":true}]}}